{"id":12,"date":"2023-04-05T14:14:56","date_gmt":"2023-04-05T14:14:56","guid":{"rendered":"https:\/\/marineroutespanama.com\/?page_id=12"},"modified":"2024-03-19T15:01:25","modified_gmt":"2024-03-19T19:01:25","slug":"about","status":"publish","type":"page","link":"https:\/\/marineroutespanama.com\/index.php\/about\/","title":{"rendered":"About"},"content":{"rendered":"\t\t<div data-elementor-type=\"wp-page\" data-elementor-id=\"12\" class=\"elementor elementor-12\">\n\t\t\t\t\t\t\t\t\t<section class=\"elementor-section elementor-top-section elementor-element elementor-element-8a3e7bf elementor-section-stretched elementor-section-boxed elementor-section-height-default elementor-section-height-default\" data-id=\"8a3e7bf\" data-element_type=\"section\" data-settings=\"{&quot;stretch_section&quot;:&quot;section-stretched&quot;,&quot;background_background&quot;:&quot;classic&quot;}\">\n\t\t\t\t\t\t<div class=\"elementor-container elementor-column-gap-wider\">\n\t\t\t\t\t<div class=\"elementor-column elementor-col-50 elementor-top-column elementor-element elementor-element-4be7916\" data-id=\"4be7916\" data-element_type=\"column\">\n\t\t\t<div class=\"elementor-widget-wrap elementor-element-populated\">\n\t\t\t\t\t\t\t\t<section class=\"elementor-section elementor-inner-section elementor-element elementor-element-391cced elementor-section-boxed elementor-section-height-default elementor-section-height-default\" data-id=\"391cced\" data-element_type=\"section\">\n\t\t\t\t\t\t<div class=\"elementor-container elementor-column-gap-default\">\n\t\t\t\t\t<div class=\"elementor-column elementor-col-100 elementor-inner-column elementor-element elementor-element-4a61edc\" data-id=\"4a61edc\" data-element_type=\"column\">\n\t\t\t<div class=\"elementor-widget-wrap elementor-element-populated\">\n\t\t\t\t\t\t\t\t<div class=\"elementor-element elementor-element-d0d4171 elementor-widget elementor-widget-heading\" data-id=\"d0d4171\" data-element_type=\"widget\" data-widget_type=\"heading.default\">\n\t\t\t\t<div class=\"elementor-widget-container\">\n\t\t\t<style>\/*! elementor - v3.7.7 - 20-09-2022 *\/\n.elementor-heading-title{padding:0;margin:0;line-height:1}.elementor-widget-heading .elementor-heading-title[class*=elementor-size-]>a{color:inherit;font-size:inherit;line-height:inherit}.elementor-widget-heading .elementor-heading-title.elementor-size-small{font-size:15px}.elementor-widget-heading .elementor-heading-title.elementor-size-medium{font-size:19px}.elementor-widget-heading .elementor-heading-title.elementor-size-large{font-size:29px}.elementor-widget-heading .elementor-heading-title.elementor-size-xl{font-size:39px}.elementor-widget-heading .elementor-heading-title.elementor-size-xxl{font-size:59px}<\/style><h1 class=\"elementor-heading-title elementor-size-default\">\u00bfQui\u00e9nes Somos?<\/h1>\t\t<\/div>\n\t\t\t\t<\/div>\n\t\t\t\t<div class=\"elementor-element elementor-element-f88d038 elementor-widget elementor-widget-image\" data-id=\"f88d038\" data-element_type=\"widget\" data-widget_type=\"image.default\">\n\t\t\t\t<div class=\"elementor-widget-container\">\n\t\t\t<style>\/*! elementor - v3.7.7 - 20-09-2022 *\/\n.elementor-widget-image{text-align:center}.elementor-widget-image a{display:inline-block}.elementor-widget-image a img[src$=\".svg\"]{width:48px}.elementor-widget-image img{vertical-align:middle;display:inline-block}<\/style>\t\t\t\t\t\t\t\t\t\t\t\t<img decoding=\"async\" src=\"https:\/\/marineroutespanama.com\/wp-content\/uploads\/2023\/05\/ai2-sep1.svg\" class=\"attachment-large size-large\" alt=\"\" \/>\t\t\t\t\t\t\t\t\t\t\t\t\t\t\t<\/div>\n\t\t\t\t<\/div>\n\t\t\t\t\t<\/div>\n\t\t<\/div>\n\t\t\t\t\t\t\t<\/div>\n\t\t<\/section>\n\t\t\t\t<div class=\"elementor-element elementor-element-7563ad3 elementor-widget elementor-widget-text-editor\" data-id=\"7563ad3\" data-element_type=\"widget\" data-widget_type=\"text-editor.default\">\n\t\t\t\t<div class=\"elementor-widget-container\">\n\t\t\t<style>\/*! elementor - v3.7.7 - 20-09-2022 *\/\n.elementor-widget-text-editor.elementor-drop-cap-view-stacked .elementor-drop-cap{background-color:#818a91;color:#fff}.elementor-widget-text-editor.elementor-drop-cap-view-framed .elementor-drop-cap{color:#818a91;border:3px solid;background-color:transparent}.elementor-widget-text-editor:not(.elementor-drop-cap-view-default) .elementor-drop-cap{margin-top:8px}.elementor-widget-text-editor:not(.elementor-drop-cap-view-default) .elementor-drop-cap-letter{width:1em;height:1em}.elementor-widget-text-editor .elementor-drop-cap{float:left;text-align:center;line-height:1;font-size:50px}.elementor-widget-text-editor .elementor-drop-cap-letter{display:inline-block}<\/style>\t\t\t\t<h5>Somos una compa\u00f1\u00eda que brinda servicios personalizados de Log\u00edstica Internacional y Servicios Marinos.<br \/>Ofrecemos soluciones integrales en todo el sector del transporte; especializados en log\u00edstica marina, agencia de buques, suministro de buques, log\u00edstica de proyectos, corretaje de aduanas\u00a0 y transporte de carga.<\/h5><h5>Disponemos de una cobertura verdaderamente global. Estamos capacitados para atender las necesidades de nuestros clientes armadores de gesti\u00f3n de buques, fletadores, propietarios de carga y operadores, desde nuestras oficinas en Panam\u00e1.<\/h5>\t\t\t\t\t\t<\/div>\n\t\t\t\t<\/div>\n\t\t\t\t\t<\/div>\n\t\t<\/div>\n\t\t\t\t<div class=\"elementor-column elementor-col-50 elementor-top-column elementor-element elementor-element-4d4dc01\" data-id=\"4d4dc01\" data-element_type=\"column\">\n\t\t\t<div class=\"elementor-widget-wrap elementor-element-populated\">\n\t\t\t\t\t\t\t\t<div class=\"elementor-element elementor-element-62c2bd6 elementor-widget elementor-widget-image\" data-id=\"62c2bd6\" data-element_type=\"widget\" data-widget_type=\"image.default\">\n\t\t\t\t<div class=\"elementor-widget-container\">\n\t\t\t\t\t\t\t\t\t\t\t\t\t\t\t<img loading=\"lazy\" decoding=\"async\" width=\"1144\" height=\"1200\" src=\"https:\/\/marineroutespanama.com\/wp-content\/uploads\/2024\/03\/LOGO-CON-SOMBRA-BLANCA-05-1144x1200.png\" class=\"attachment-large size-large\" alt=\"\" srcset=\"https:\/\/marineroutespanama.com\/wp-content\/uploads\/2024\/03\/LOGO-CON-SOMBRA-BLANCA-05-1144x1200.png 1144w, https:\/\/marineroutespanama.com\/wp-content\/uploads\/2024\/03\/LOGO-CON-SOMBRA-BLANCA-05-477x500.png 477w, https:\/\/marineroutespanama.com\/wp-content\/uploads\/2024\/03\/LOGO-CON-SOMBRA-BLANCA-05-286x300.png 286w, https:\/\/marineroutespanama.com\/wp-content\/uploads\/2024\/03\/LOGO-CON-SOMBRA-BLANCA-05-768x805.png 768w, https:\/\/marineroutespanama.com\/wp-content\/uploads\/2024\/03\/LOGO-CON-SOMBRA-BLANCA-05-72x75.png 72w, https:\/\/marineroutespanama.com\/wp-content\/uploads\/2024\/03\/LOGO-CON-SOMBRA-BLANCA-05-480x503.png 480w\" sizes=\"(max-width:767px) 480px, (max-width:1144px) 100vw, 1144px\" \/>\t\t\t\t\t\t\t\t\t\t\t\t\t\t\t<\/div>\n\t\t\t\t<\/div>\n\t\t\t\t<div class=\"elementor-element elementor-element-63a429c elementor-widget elementor-widget-image\" data-id=\"63a429c\" data-element_type=\"widget\" data-widget_type=\"image.default\">\n\t\t\t\t<div class=\"elementor-widget-container\">\n\t\t\t\t\t\t\t\t\t\t\t\t\t\t\t<img loading=\"lazy\" decoding=\"async\" width=\"966\" height=\"1013\" src=\"https:\/\/marineroutespanama.com\/wp-content\/uploads\/2024\/03\/conginacion-portuaria-04.png\" class=\"attachment-large size-large\" alt=\"\" srcset=\"https:\/\/marineroutespanama.com\/wp-content\/uploads\/2024\/03\/conginacion-portuaria-04.png 966w, https:\/\/marineroutespanama.com\/wp-content\/uploads\/2024\/03\/conginacion-portuaria-04-477x500.png 477w, https:\/\/marineroutespanama.com\/wp-content\/uploads\/2024\/03\/conginacion-portuaria-04-286x300.png 286w, https:\/\/marineroutespanama.com\/wp-content\/uploads\/2024\/03\/conginacion-portuaria-04-768x805.png 768w, https:\/\/marineroutespanama.com\/wp-content\/uploads\/2024\/03\/conginacion-portuaria-04-72x75.png 72w, https:\/\/marineroutespanama.com\/wp-content\/uploads\/2024\/03\/conginacion-portuaria-04-480x503.png 480w\" sizes=\"(max-width:767px) 480px, (max-width:966px) 100vw, 966px\" \/>\t\t\t\t\t\t\t\t\t\t\t\t\t\t\t<\/div>\n\t\t\t\t<\/div>\n\t\t\t\t\t<\/div>\n\t\t<\/div>\n\t\t\t\t\t\t\t<\/div>\n\t\t<\/section>\n\t\t\t\t<section class=\"elementor-section elementor-top-section elementor-element elementor-element-165b041 elementor-section-stretched elementor-section-boxed elementor-section-height-default elementor-section-height-default\" data-id=\"165b041\" data-element_type=\"section\" data-settings=\"{&quot;stretch_section&quot;:&quot;section-stretched&quot;}\">\n\t\t\t\t\t\t<div class=\"elementor-container elementor-column-gap-wider\">\n\t\t\t\t\t<div class=\"elementor-column elementor-col-100 elementor-top-column elementor-element elementor-element-980b10c\" data-id=\"980b10c\" data-element_type=\"column\">\n\t\t\t<div class=\"elementor-widget-wrap elementor-element-populated\">\n\t\t\t\t\t\t\t\t<section class=\"elementor-section elementor-inner-section elementor-element elementor-element-32ec7af elementor-section-boxed elementor-section-height-default elementor-section-height-default\" data-id=\"32ec7af\" data-element_type=\"section\">\n\t\t\t\t\t\t<div class=\"elementor-container elementor-column-gap-default\">\n\t\t\t\t\t<div class=\"elementor-column elementor-col-100 elementor-inner-column elementor-element elementor-element-ed8065a\" data-id=\"ed8065a\" data-element_type=\"column\">\n\t\t\t<div class=\"elementor-widget-wrap elementor-element-populated\">\n\t\t\t\t\t\t\t\t<div class=\"elementor-element elementor-element-1e104c5 elementor-widget elementor-widget-heading\" data-id=\"1e104c5\" data-element_type=\"widget\" data-widget_type=\"heading.default\">\n\t\t\t\t<div class=\"elementor-widget-container\">\n\t\t\t<h3 class=\"elementor-heading-title elementor-size-default\">Misi\u00f3n<\/h3>\t\t<\/div>\n\t\t\t\t<\/div>\n\t\t\t\t<div class=\"elementor-element elementor-element-9ab67ff elementor-widget-tablet__width-initial elementor-widget elementor-widget-heading\" data-id=\"9ab67ff\" data-element_type=\"widget\" data-widget_type=\"heading.default\">\n\t\t\t\t<div class=\"elementor-widget-container\">\n\t\t\t<span class=\"elementor-heading-title elementor-size-default\">Ofrecer \u00f3ptimos servicios de env\u00edo y transporte, manteniendo la relaci\u00f3n calidad-precio y garantizando en todo momento, la puntualidad y seguridad que requiere cada uno de nuestros clientes.  <\/span>\t\t<\/div>\n\t\t\t\t<\/div>\n\t\t\t\t\t<\/div>\n\t\t<\/div>\n\t\t\t\t\t\t\t<\/div>\n\t\t<\/section>\n\t\t\t\t<section class=\"elementor-section elementor-inner-section elementor-element elementor-element-d361b42 elementor-section-boxed elementor-section-height-default elementor-section-height-default\" data-id=\"d361b42\" data-element_type=\"section\">\n\t\t\t\t\t\t<div class=\"elementor-container elementor-column-gap-default\">\n\t\t\t\t\t<div class=\"elementor-column elementor-col-100 elementor-inner-column elementor-element elementor-element-f074cf5\" data-id=\"f074cf5\" data-element_type=\"column\">\n\t\t\t<div class=\"elementor-widget-wrap elementor-element-populated\">\n\t\t\t\t\t\t\t\t<div class=\"elementor-element elementor-element-8fa53d5 elementor-widget elementor-widget-heading\" data-id=\"8fa53d5\" data-element_type=\"widget\" data-widget_type=\"heading.default\">\n\t\t\t\t<div class=\"elementor-widget-container\">\n\t\t\t<h3 class=\"elementor-heading-title elementor-size-default\">Visi\u00f3n<\/h3>\t\t<\/div>\n\t\t\t\t<\/div>\n\t\t\t\t<div class=\"elementor-element elementor-element-c1a2a97 elementor-widget-tablet__width-initial elementor-widget elementor-widget-heading\" data-id=\"c1a2a97\" data-element_type=\"widget\" data-widget_type=\"heading.default\">\n\t\t\t\t<div class=\"elementor-widget-container\">\n\t\t\t<span class=\"elementor-heading-title elementor-size-default\">\u2022Mantenernos a la vanguardia en materia regulatoria y de mercado, con el fin de ofrecer servicios adaptados y actualizados. \n\n\u2022Brindar a nuestros clientes soluciones sostenibles y renovadoras, que permitan destacarnos en el sector.\n\n\u2022Atender y representar fielmente los intereses de nuestros clientes.<\/span>\t\t<\/div>\n\t\t\t\t<\/div>\n\t\t\t\t\t<\/div>\n\t\t<\/div>\n\t\t\t\t\t\t\t<\/div>\n\t\t<\/section>\n\t\t\t\t\t<\/div>\n\t\t<\/div>\n\t\t\t\t\t\t\t<\/div>\n\t\t<\/section>\n\t\t\t\t<section class=\"elementor-section elementor-top-section elementor-element elementor-element-f7b0729 elementor-section-stretched elementor-section-boxed elementor-section-height-default elementor-section-height-default\" data-id=\"f7b0729\" data-element_type=\"section\" data-settings=\"{&quot;stretch_section&quot;:&quot;section-stretched&quot;}\">\n\t\t\t\t\t\t<div class=\"elementor-container elementor-column-gap-wider\">\n\t\t\t\t\t<div class=\"elementor-column elementor-col-50 elementor-top-column elementor-element elementor-element-0f0fc3c\" data-id=\"0f0fc3c\" data-element_type=\"column\">\n\t\t\t<div class=\"elementor-widget-wrap elementor-element-populated\">\n\t\t\t\t\t\t\t\t<div class=\"elementor-element elementor-element-f7a1d7c elementor-widget elementor-widget-image\" data-id=\"f7a1d7c\" data-element_type=\"widget\" data-widget_type=\"image.default\">\n\t\t\t\t<div class=\"elementor-widget-container\">\n\t\t\t\t\t\t\t\t\t\t\t\t\t\t\t<img loading=\"lazy\" decoding=\"async\" width=\"1034\" height=\"1002\" src=\"https:\/\/marineroutespanama.com\/wp-content\/uploads\/2024\/03\/iconos-otto-05.jpg\" class=\"attachment-large size-large\" alt=\"\" srcset=\"https:\/\/marineroutespanama.com\/wp-content\/uploads\/2024\/03\/iconos-otto-05.jpg 1034w, https:\/\/marineroutespanama.com\/wp-content\/uploads\/2024\/03\/iconos-otto-05-500x485.jpg 500w, https:\/\/marineroutespanama.com\/wp-content\/uploads\/2024\/03\/iconos-otto-05-300x291.jpg 300w, https:\/\/marineroutespanama.com\/wp-content\/uploads\/2024\/03\/iconos-otto-05-768x744.jpg 768w, https:\/\/marineroutespanama.com\/wp-content\/uploads\/2024\/03\/iconos-otto-05-77x75.jpg 77w, https:\/\/marineroutespanama.com\/wp-content\/uploads\/2024\/03\/iconos-otto-05-480x465.jpg 480w\" sizes=\"(max-width:767px) 480px, (max-width:1034px) 100vw, 1034px\" \/>\t\t\t\t\t\t\t\t\t\t\t\t\t\t\t<\/div>\n\t\t\t\t<\/div>\n\t\t\t\t<div class=\"elementor-element elementor-element-33069d5 elementor-widget elementor-widget-heading\" data-id=\"33069d5\" data-element_type=\"widget\" data-widget_type=\"heading.default\">\n\t\t\t\t<div class=\"elementor-widget-container\">\n\t\t\t<h2 class=\"elementor-heading-title elementor-size-default\">Enfoque <br>estrat\u00e9gico<\/h2>\t\t<\/div>\n\t\t\t\t<\/div>\n\t\t\t\t\t<\/div>\n\t\t<\/div>\n\t\t\t\t<div class=\"elementor-column elementor-col-50 elementor-top-column elementor-element elementor-element-9d1fa44\" data-id=\"9d1fa44\" data-element_type=\"column\">\n\t\t\t<div class=\"elementor-widget-wrap elementor-element-populated\">\n\t\t\t\t\t\t\t\t<section class=\"elementor-section elementor-inner-section elementor-element elementor-element-f87c250 elementor-section-full_width elementor-section-height-default elementor-section-height-default\" data-id=\"f87c250\" data-element_type=\"section\" data-settings=\"{&quot;background_background&quot;:&quot;classic&quot;}\">\n\t\t\t\t\t\t\t<div class=\"elementor-background-overlay\"><\/div>\n\t\t\t\t\t\t\t<div class=\"elementor-container elementor-column-gap-default\">\n\t\t\t\t\t<div class=\"elementor-column elementor-col-50 elementor-inner-column elementor-element elementor-element-54bb679\" data-id=\"54bb679\" data-element_type=\"column\" data-settings=\"{&quot;background_background&quot;:&quot;classic&quot;}\">\n\t\t\t<div class=\"elementor-widget-wrap elementor-element-populated\">\n\t\t\t\t\t\t\t\t<div class=\"elementor-element elementor-element-1994978 elementor-position-top elementor-vertical-align-top elementor-widget elementor-widget-image-box\" data-id=\"1994978\" data-element_type=\"widget\" data-widget_type=\"image-box.default\">\n\t\t\t\t<div class=\"elementor-widget-container\">\n\t\t\t<style>\/*! elementor - v3.7.7 - 20-09-2022 *\/\n.elementor-widget-image-box .elementor-image-box-content{width:100%}@media (min-width:768px){.elementor-widget-image-box.elementor-position-left .elementor-image-box-wrapper,.elementor-widget-image-box.elementor-position-right .elementor-image-box-wrapper{display:-webkit-box;display:-ms-flexbox;display:flex}.elementor-widget-image-box.elementor-position-right .elementor-image-box-wrapper{text-align:right;-webkit-box-orient:horizontal;-webkit-box-direction:reverse;-ms-flex-direction:row-reverse;flex-direction:row-reverse}.elementor-widget-image-box.elementor-position-left .elementor-image-box-wrapper{text-align:left;-webkit-box-orient:horizontal;-webkit-box-direction:normal;-ms-flex-direction:row;flex-direction:row}.elementor-widget-image-box.elementor-position-top .elementor-image-box-img{margin:auto}.elementor-widget-image-box.elementor-vertical-align-top .elementor-image-box-wrapper{-webkit-box-align:start;-ms-flex-align:start;align-items:flex-start}.elementor-widget-image-box.elementor-vertical-align-middle .elementor-image-box-wrapper{-webkit-box-align:center;-ms-flex-align:center;align-items:center}.elementor-widget-image-box.elementor-vertical-align-bottom .elementor-image-box-wrapper{-webkit-box-align:end;-ms-flex-align:end;align-items:flex-end}}@media (max-width:767px){.elementor-widget-image-box .elementor-image-box-img{margin-left:auto!important;margin-right:auto!important;margin-bottom:15px}}.elementor-widget-image-box .elementor-image-box-img{display:inline-block}.elementor-widget-image-box .elementor-image-box-title a{color:inherit}.elementor-widget-image-box .elementor-image-box-wrapper{text-align:center}.elementor-widget-image-box .elementor-image-box-description{margin:0}<\/style><div class=\"elementor-image-box-wrapper\"><figure class=\"elementor-image-box-img\"><img decoding=\"async\" src=\"https:\/\/marineroutespanama.com\/wp-content\/uploads\/2023\/05\/ai2-about-pic7.svg\" class=\"attachment-full size-full\" alt=\"\" \/><\/figure><div class=\"elementor-image-box-content\"><h5 class=\"elementor-image-box-title\">Empleo de recursos <\/h5><p class=\"elementor-image-box-description\">Empleo de recursos y activos propios de la empresa para atender las solicitudes de nuestros clientes de manera \u00f3ptima y eficaz<\/p><\/div><\/div>\t\t<\/div>\n\t\t\t\t<\/div>\n\t\t\t\t\t<\/div>\n\t\t<\/div>\n\t\t\t\t<div class=\"elementor-column elementor-col-50 elementor-inner-column elementor-element elementor-element-3e7396f\" data-id=\"3e7396f\" data-element_type=\"column\" data-settings=\"{&quot;background_background&quot;:&quot;classic&quot;}\">\n\t\t\t<div class=\"elementor-widget-wrap elementor-element-populated\">\n\t\t\t\t\t\t\t\t<div class=\"elementor-element elementor-element-22ca162 elementor-position-top elementor-vertical-align-top elementor-widget elementor-widget-image-box\" data-id=\"22ca162\" data-element_type=\"widget\" data-widget_type=\"image-box.default\">\n\t\t\t\t<div class=\"elementor-widget-container\">\n\t\t\t<div class=\"elementor-image-box-wrapper\"><figure class=\"elementor-image-box-img\"><img decoding=\"async\" src=\"https:\/\/marineroutespanama.com\/wp-content\/uploads\/2023\/05\/ai2-about-pic7.svg\" class=\"attachment-full size-full\" alt=\"\" \/><\/figure><div class=\"elementor-image-box-content\"><h5 class=\"elementor-image-box-title\">Actualizaci\u00f3n <\/h5><p class=\"elementor-image-box-description\">de conocimientos continuo para nuestro recurso humano <\/p><\/div><\/div>\t\t<\/div>\n\t\t\t\t<\/div>\n\t\t\t\t\t<\/div>\n\t\t<\/div>\n\t\t\t\t\t\t\t<\/div>\n\t\t<\/section>\n\t\t\t\t<section class=\"elementor-section elementor-inner-section elementor-element elementor-element-eddef54 elementor-section-full_width elementor-section-height-default elementor-section-height-default\" data-id=\"eddef54\" data-element_type=\"section\">\n\t\t\t\t\t\t<div class=\"elementor-container elementor-column-gap-default\">\n\t\t\t\t\t<div class=\"elementor-column elementor-col-50 elementor-inner-column elementor-element elementor-element-4622bb5\" data-id=\"4622bb5\" data-element_type=\"column\" data-settings=\"{&quot;background_background&quot;:&quot;classic&quot;}\">\n\t\t\t<div class=\"elementor-widget-wrap elementor-element-populated\">\n\t\t\t\t\t\t\t\t<div class=\"elementor-element elementor-element-91f4dec elementor-position-top elementor-vertical-align-top elementor-widget elementor-widget-image-box\" data-id=\"91f4dec\" data-element_type=\"widget\" data-widget_type=\"image-box.default\">\n\t\t\t\t<div class=\"elementor-widget-container\">\n\t\t\t<div class=\"elementor-image-box-wrapper\"><figure class=\"elementor-image-box-img\"><img decoding=\"async\" src=\"https:\/\/marineroutespanama.com\/wp-content\/uploads\/2023\/05\/ai2-about-pic7.svg\" class=\"attachment-full size-full\" alt=\"\" \/><\/figure><div class=\"elementor-image-box-content\"><h5 class=\"elementor-image-box-title\">Conservaci\u00f3n<\/h5><p class=\"elementor-image-box-description\">de altos est\u00e1ndares de calidad en materia de gesti\u00f3n de riesgos<\/p><\/div><\/div>\t\t<\/div>\n\t\t\t\t<\/div>\n\t\t\t\t\t<\/div>\n\t\t<\/div>\n\t\t\t\t<div class=\"elementor-column elementor-col-50 elementor-inner-column elementor-element elementor-element-412ce24\" data-id=\"412ce24\" data-element_type=\"column\" data-settings=\"{&quot;background_background&quot;:&quot;classic&quot;}\">\n\t\t\t<div class=\"elementor-widget-wrap elementor-element-populated\">\n\t\t\t\t\t\t\t\t<div class=\"elementor-element elementor-element-75844fe elementor-position-top elementor-vertical-align-top elementor-widget elementor-widget-image-box\" data-id=\"75844fe\" data-element_type=\"widget\" data-widget_type=\"image-box.default\">\n\t\t\t\t<div class=\"elementor-widget-container\">\n\t\t\t<div class=\"elementor-image-box-wrapper\"><figure class=\"elementor-image-box-img\"><img decoding=\"async\" src=\"https:\/\/marineroutespanama.com\/wp-content\/uploads\/2023\/05\/ai2-about-pic7.svg\" class=\"attachment-full size-full\" alt=\"\" \/><\/figure><div class=\"elementor-image-box-content\"><h5 class=\"elementor-image-box-title\">Renovaci\u00f3n<\/h5><p class=\"elementor-image-box-description\">constante en los procedimientos y en empleo de tecnolog\u00eda para mantener nuestros est\u00e1ndares de calidad. <\/p><\/div><\/div>\t\t<\/div>\n\t\t\t\t<\/div>\n\t\t\t\t\t<\/div>\n\t\t<\/div>\n\t\t\t\t\t\t\t<\/div>\n\t\t<\/section>\n\t\t\t\t\t<\/div>\n\t\t<\/div>\n\t\t\t\t\t\t\t<\/div>\n\t\t<\/section>\n\t\t\t\t\t\t\t<\/div>\n\t\t","protected":false},"excerpt":{"rendered":"<p>\u00bfQui\u00e9nes Somos? Somos una compa\u00f1\u00eda que brinda servicios personalizados de Log\u00edstica Internacional y Servicios Marinos.Ofrecemos soluciones integrales en todo el sector del transporte; especializados en log\u00edstica<span class=\"excerpt-hellip\"> [\u2026]<\/span><\/p>\n","protected":false},"author":1,"featured_media":0,"parent":0,"menu_order":0,"comment_status":"open","ping_status":"closed","template":"","meta":{"footnotes":""},"_links":{"self":[{"href":"https:\/\/marineroutespanama.com\/index.php\/wp-json\/wp\/v2\/pages\/12"}],"collection":[{"href":"https:\/\/marineroutespanama.com\/index.php\/wp-json\/wp\/v2\/pages"}],"about":[{"href":"https:\/\/marineroutespanama.com\/index.php\/wp-json\/wp\/v2\/types\/page"}],"author":[{"embeddable":true,"href":"https:\/\/marineroutespanama.com\/index.php\/wp-json\/wp\/v2\/users\/1"}],"replies":[{"embeddable":true,"href":"https:\/\/marineroutespanama.com\/index.php\/wp-json\/wp\/v2\/comments?post=12"}],"version-history":[{"count":16,"href":"https:\/\/marineroutespanama.com\/index.php\/wp-json\/wp\/v2\/pages\/12\/revisions"}],"predecessor-version":[{"id":1208,"href":"https:\/\/marineroutespanama.com\/index.php\/wp-json\/wp\/v2\/pages\/12\/revisions\/1208"}],"wp:attachment":[{"href":"https:\/\/marineroutespanama.com\/index.php\/wp-json\/wp\/v2\/media?parent=12"}],"curies":[{"name":"wp","href":"https:\/\/api.w.org\/{rel}","templated":true}]}}